{"id":3196,"date":"2018-03-13T16:14:09","date_gmt":"2018-03-13T16:14:09","guid":{"rendered":"http:\/\/www.lichtenberg-musik.de\/?page_id=3196"},"modified":"2021-08-28T14:42:24","modified_gmt":"2021-08-28T14:42:24","slug":"zeitungsartikel","status":"publish","type":"page","link":"https:\/\/www.lichtenberg-musik.de\/?page_id=3196","title":{"rendered":"Zeitungsartikel"},"content":{"rendered":"<div class=\"wpb-content-wrapper\"><p>[vc_row][vc_column width=&#8220;1\/4&#8243;][vc_empty_space][vc_empty_space][vc_single_image image=&#8220;5337&#8243; img_size=&#8220;medium&#8220; alignment=&#8220;center&#8220; onclick=&#8220;img_link_large&#8220; title=&#8220;Steinbachwiesen &#8211; (c) Weinheimer Nachrichten &#8211; 24.08.2021&#8243;][\/vc_column][vc_column width=&#8220;1\/4&#8243;][vc_empty_space][vc_empty_space][vc_single_image image=&#8220;5328&#8243; img_size=&#8220;medium&#8220; alignment=&#8220;center&#8220; onclick=&#8220;img_link_large&#8220; title=&#8220;Hofgut Reinheim &#8211; (c) Darmst\u00e4dter Echo &#8211; 12.07.2021&#8243;][\/vc_column][vc_column width=&#8220;1\/4&#8243;][vc_empty_space][vc_empty_space][vc_single_image image=&#8220;5271&#8243; img_size=&#8220;medium&#8220; alignment=&#8220;center&#8220; onclick=&#8220;img_link_large&#8220; title=&#8220;Ank\u00fcndigung Fraa Rauscher &#8211; Darmst\u00e4dter Echo 8.10.2020&#8243;][\/vc_column][vc_column width=&#8220;1\/4&#8243;][vc_empty_space][vc_empty_space][vc_single_image image=&#8220;5268&#8243; img_size=&#8220;medium&#8220; alignment=&#8220;center&#8220; onclick=&#8220;img_link_large&#8220; title=&#8220;Bergstra\u00dfe leuchtet &#8211; Starkenburger Echo 21.09.2020&#8243;][\/vc_column][\/vc_row][vc_row][vc_column width=&#8220;1\/4&#8243;][vc_empty_space][vc_empty_space][vc_single_image image=&#8220;4972&#8243; img_size=&#8220;medium&#8220; alignment=&#8220;center&#8220; onclick=&#8220;img_link_large&#8220; title=&#8220;Ank\u00fcndigung Online-Konzert im Sapperlot &#8211; Darmst\u00e4dter Echo 26.03.2020&#8243;][\/vc_column][vc_column width=&#8220;1\/4&#8243;][vc_empty_space][vc_empty_space][vc_single_image image=&#8220;4903&#8243; img_size=&#8220;medium&#8220; alignment=&#8220;center&#8220; onclick=&#8220;img_link_large&#8220; title=&#8220;Echo hilft &#8211; Darmst\u00e4dter Echo &#8211; 18.11.2019&#8243;][\/vc_column][vc_column width=&#8220;1\/4&#8243;][vc_empty_space][vc_empty_space][vc_single_image image=&#8220;4758&#8243; img_size=&#8220;medium&#8220; alignment=&#8220;center&#8220; onclick=&#8220;img_link_large&#8220; title=&#8220;Interview Echo hilft &#8211; Darmst\u00e4dter Echo &#8211; 23.10.2019&#8243;][\/vc_column][vc_column width=&#8220;1\/4&#8243;][vc_empty_space][vc_empty_space][vc_single_image image=&#8220;4740&#8243; img_size=&#8220;medium&#8220; alignment=&#8220;center&#8220; onclick=&#8220;img_link_large&#8220; title=&#8220;Ank\u00fcndigung Echo hilft &#8211; Echo Zeitung 16.10.2019&#8243;][\/vc_column][\/vc_row][vc_row][vc_column width=&#8220;1\/4&#8243;][vc_empty_space][vc_empty_space][vc_single_image image=&#8220;4725&#8243; img_size=&#8220;medium&#8220; alignment=&#8220;center&#8220; onclick=&#8220;img_link_large&#8220; title=&#8220;Ank\u00fcndigung Echo hilft &#8211; Echo Zeitung 9.10.2019&#8243;][\/vc_column][vc_column width=&#8220;1\/4&#8243;][vc_empty_space][vc_empty_space][vc_single_image image=&#8220;4704&#8243; img_size=&#8220;medium&#8220; alignment=&#8220;center&#8220; onclick=&#8220;img_link_large&#8220; title=&#8220;Ank\u00fcndigung Echo hilft &#8211; Echo Zeitung 28.09.2019&#8243;][\/vc_column][vc_column width=&#8220;1\/4&#8243;][vc_empty_space][vc_empty_space][vc_single_image image=&#8220;4699&#8243; img_size=&#8220;medium&#8220; alignment=&#8220;center&#8220; onclick=&#8220;img_link_large&#8220; title=&#8220;Konzert Gossini Heppenheim &#8211; Starkenburger ECHO 16.09.2019&#8243;][\/vc_column][vc_column width=&#8220;1\/4&#8243;][vc_empty_space][vc_empty_space][vc_single_image image=&#8220;4487&#8243; img_size=&#8220;medium&#8220; alignment=&#8220;center&#8220; onclick=&#8220;img_link_large&#8220; title=&#8220;Konzert Bad K\u00f6nig &#8211; Odenw\u00e4lder Zeitung 3.07.2019&#8243;][\/vc_column][\/vc_row][vc_row][vc_column width=&#8220;1\/4&#8243;][vc_empty_space][vc_empty_space][vc_single_image image=&#8220;4746&#8243; img_size=&#8220;medium&#8220; alignment=&#8220;center&#8220; onclick=&#8220;img_link_large&#8220; title=&#8220;Konzert Studiob\u00fchne F\u00fcrth &#8211; Odenw\u00e4lder Zeitung 16.03.2019&#8243;][\/vc_column][vc_column width=&#8220;1\/4&#8243;][vc_empty_space][vc_empty_space][vc_single_image image=&#8220;4743&#8243; img_size=&#8220;medium&#8220; alignment=&#8220;center&#8220; onclick=&#8220;img_link_large&#8220; title=&#8220;Spenden f\u00fcr Milan &#8211; ECHO Zeitung 18.02.2019&#8243;][\/vc_column][vc_column width=&#8220;1\/4&#8243;][vc_empty_space][vc_empty_space][vc_single_image image=&#8220;4744&#8243; img_size=&#8220;medium&#8220; alignment=&#8220;center&#8220; onclick=&#8220;img_link_large&#8220; title=&#8220;Konzert &#8211; CD-Release REX &#8211; ECHO Zeitung 28.01.2019&#8243;][\/vc_column][vc_column width=&#8220;1\/4&#8243;][vc_empty_space][vc_empty_space][vc_single_image image=&#8220;3874&#8243; img_size=&#8220;medium&#8220; alignment=&#8220;center&#8220; onclick=&#8220;img_link_large&#8220; title=&#8220;M\u00f6rlenbach &#8211; Odenw\u00e4lder Zeitung 27.11.2018&#8243;][\/vc_column][\/vc_row][vc_row][vc_column width=&#8220;1\/4&#8243;][vc_empty_space][vc_empty_space][vc_single_image image=&#8220;3871&#8243; img_size=&#8220;medium&#8220; alignment=&#8220;center&#8220; onclick=&#8220;img_link_large&#8220; title=&#8220;M\u00f6rlenbach &#8211; Starkenburger ECHO 26.11.2018&#8243;][\/vc_column][vc_column width=&#8220;1\/4&#8243;][vc_empty_space][vc_empty_space][vc_single_image image=&#8220;4731&#8243; img_size=&#8220;medium&#8220; alignment=&#8220;center&#8220; onclick=&#8220;img_link_large&#8220; title=&#8220;LaDaDi Kreistagssitzungssaal &#8211; Darmst\u00e4dter ECHO 29.10.2018&#8243;][\/vc_column][vc_column width=&#8220;1\/4&#8243;][vc_empty_space][vc_empty_space][vc_single_image image=&#8220;4733&#8243; img_size=&#8220;medium&#8220; alignment=&#8220;center&#8220; onclick=&#8220;img_link_large&#8220; title=&#8220;Heppenheim Musikwochen &#8211; Starkenburger ECHO 22.10.2018&#8243;][\/vc_column][vc_column width=&#8220;1\/4&#8243;][vc_empty_space][vc_empty_space][vc_single_image image=&#8220;4735&#8243; img_size=&#8220;medium&#8220; alignment=&#8220;center&#8220; onclick=&#8220;img_link_large&#8220; title=&#8220;Heppenheim Gossini &#8211; Starkenburger ECHO 19.03.2018&#8243;][\/vc_column][\/vc_row][vc_row][vc_column width=&#8220;1\/4&#8243;][vc_empty_space][vc_empty_space][vc_single_image image=&#8220;4736&#8243; img_size=&#8220;medium&#8220; alignment=&#8220;center&#8220; onclick=&#8220;img_link_large&#8220; title=&#8220;Schloss Lichtenberg &#8211; Darmst\u00e4dter ECHO 13.03.2018&#8243;][\/vc_column][vc_column width=&#8220;1\/4&#8243;][vc_empty_space][vc_empty_space][vc_single_image image=&#8220;4737&#8243; img_size=&#8220;medium&#8220; alignment=&#8220;center&#8220; onclick=&#8220;img_link_large&#8220; title=&#8220;Ank\u00fcndigung Heppenheim &#8211; Starkenburger ECHO 6.03.2018&#8243;][\/vc_column][vc_column width=&#8220;1\/4&#8243;][vc_empty_space][vc_empty_space][vc_single_image image=&#8220;4738&#8243; img_size=&#8220;medium&#8220; alignment=&#8220;center&#8220; onclick=&#8220;img_link_large&#8220; title=&#8220;Sternenkinder &#8211; Darmst\u00e4dter ECHO 15.02.2018&#8243;][\/vc_column][vc_column width=&#8220;1\/4&#8243;][vc_empty_space][vc_empty_space][vc_single_image image=&#8220;3201&#8243; img_size=&#8220;medium&#8220; alignment=&#8220;center&#8220; onclick=&#8220;img_link_large&#8220; title=&#8220;Fr\u00e4nkisch-Crumbach &#8211; Odenw\u00e4lder ECHO 2.01.2018&#8243;][\/vc_column][\/vc_row][vc_row][vc_column width=&#8220;1\/4&#8243;][vc_empty_space][vc_empty_space][vc_single_image image=&#8220;3198&#8243; img_size=&#8220;medium&#8220; alignment=&#8220;center&#8220; onclick=&#8220;img_link_large&#8220; title=&#8220;Ank\u00fcndigung Fr.-Crumbach &#8211; Odenw\u00e4lder ECHO 21.12.2017&#8243;][\/vc_column][vc_column width=&#8220;1\/4&#8243;][vc_empty_space][vc_empty_space][vc_single_image image=&#8220;3203&#8243; img_size=&#8220;medium&#8220; alignment=&#8220;center&#8220; onclick=&#8220;img_link_large&#8220; title=&#8220;Mundart-Plakette &#8211; Darmst\u00e4dter ECHO 13.02.2017&#8243;][\/vc_column][vc_column width=&#8220;1\/4&#8243;][vc_empty_space][vc_empty_space][vc_single_image image=&#8220;4739&#8243; img_size=&#8220;medium&#8220; alignment=&#8220;center&#8220; onclick=&#8220;img_link_large&#8220; title=&#8220;Centralstation &#8211; Darmst\u00e4dter ECHO 20.02.2017&#8243;][\/vc_column][vc_column width=&#8220;1\/4&#8243;][vc_empty_space][vc_empty_space][vc_single_image image=&#8220;3197&#8243; img_size=&#8220;medium&#8220; alignment=&#8220;center&#8220; onclick=&#8220;img_link_large&#8220; title=&#8220;Allgemein &#8211; Darmst\u00e4dter ECHO 06.02.2017&#8243;][\/vc_column][\/vc_row][vc_row][vc_column width=&#8220;1\/4&#8243;][vc_empty_space][vc_empty_space][\/vc_column][vc_column width=&#8220;1\/4&#8243;][vc_empty_space][vc_empty_space][vc_single_image image=&#8220;3204&#8243; img_size=&#8220;medium&#8220; alignment=&#8220;center&#8220; onclick=&#8220;img_link_large&#8220; title=&#8220;Premierenkonzert &#8211; Darmst\u00e4dter ECHO 4.10.2016&#8243;][\/vc_column][vc_column width=&#8220;1\/4&#8243;][vc_empty_space][vc_empty_space][vc_single_image image=&#8220;3199&#8243; img_size=&#8220;medium&#8220; alignment=&#8220;center&#8220; onclick=&#8220;img_link_large&#8220; title=&#8220;Ank\u00fcndigung Premierenkonzert &#8211; Darmst\u00e4dter ECHO 29.09.2016&#8243;][\/vc_column][vc_column width=&#8220;1\/4&#8243;][\/vc_column][\/vc_row]<\/p>\n<\/div>","protected":false},"excerpt":{"rendered":"<p>[vc_row][vc_column width=&#8220;1\/4&#8243;][vc_empty_space][vc_empty_space][vc_single_image image=&#8220;5337&#8243; img_size=&#8220;medium&#8220; alignment=&#8220;center&#8220; onclick=&#8220;img_link_large&#8220; title=&#8220;Steinbachwiesen &#8211; (c) Weinheimer Nachrichten &#8211; 24.08.2021&#8243;][\/vc_column][vc_column width=&#8220;1\/4&#8243;][vc_empty_space][vc_empty_space][vc_single_image image=&#8220;5328&#8243; img_size=&#8220;medium&#8220; alignment=&#8220;center&#8220; onclick=&#8220;img_link_large&#8220; title=&#8220;Hofgut Reinheim<\/p>\n","protected":false},"author":1,"featured_media":0,"parent":0,"menu_order":0,"comment_status":"closed","ping_status":"closed","template":"page_full.php","meta":{"footnotes":""},"class_list":["post-3196","page","type-page","status-publish","hentry"],"_links":{"self":[{"href":"https:\/\/www.lichtenberg-musik.de\/index.php?rest_route=\/wp\/v2\/pages\/3196","targetHints":{"allow":["GET"]}}],"collection":[{"href":"https:\/\/www.lichtenberg-musik.de\/index.php?rest_route=\/wp\/v2\/pages"}],"about":[{"href":"https:\/\/www.lichtenberg-musik.de\/index.php?rest_route=\/wp\/v2\/types\/page"}],"author":[{"embeddable":true,"href":"https:\/\/www.lichtenberg-musik.de\/index.php?rest_route=\/wp\/v2\/users\/1"}],"replies":[{"embeddable":true,"href":"https:\/\/www.lichtenberg-musik.de\/index.php?rest_route=%2Fwp%2Fv2%2Fcomments&post=3196"}],"version-history":[{"count":94,"href":"https:\/\/www.lichtenberg-musik.de\/index.php?rest_route=\/wp\/v2\/pages\/3196\/revisions"}],"predecessor-version":[{"id":5338,"href":"https:\/\/www.lichtenberg-musik.de\/index.php?rest_route=\/wp\/v2\/pages\/3196\/revisions\/5338"}],"wp:attachment":[{"href":"https:\/\/www.lichtenberg-musik.de\/index.php?rest_route=%2Fwp%2Fv2%2Fmedia&parent=3196"}],"curies":[{"name":"wp","href":"https:\/\/api.w.org\/{rel}","templated":true}]}}