{"id":2726,"date":"2018-01-03T17:25:15","date_gmt":"2018-01-03T17:25:15","guid":{"rendered":"http:\/\/www.lichtenberg-musik.de\/?page_id=2726"},"modified":"2018-12-16T17:17:51","modified_gmt":"2018-12-16T17:17:51","slug":"ueber-uns","status":"publish","type":"page","link":"https:\/\/www.lichtenberg-musik.de\/?page_id=2726","title":{"rendered":"\u00dcBER UNS"},"content":{"rendered":"<div class=\"wpb-content-wrapper\"><p>[vc_row][vc_column][vc_column_text]<\/p>\n<h3 style=\"text-align: center;\">Angefangen hatte alles in einem H\u00f6rsaal der Frankfurter Goethe-Uni: Unter mehr als 200 Studenten liefen sich die beiden Odenw\u00e4lder Buwe Thorsten und Marcel bei einer Einf\u00fchrungsveranstaltung \u00fcber den Weg. Wir merkten schnell, dass wir viel gemeinsam hatten, es war wie das Wiedersehen zweier verschollener Br\u00fcder. Vor allem die Liebe zu unserer Wiege, dem Odenwald, und die Liebe zur Musik verband uns. Beide stammen wir aus sehr musikalischen Familien, wo schon in unserer Kindheit zu jedem Anlass und an jedem Ort gesungen und Musik gemacht wurde. Mundartlieder haben wir sozusagen mit der Muttermilch aufgesogen und das pr\u00e4gt uns bis heute.<\/h3>\n<h3 style=\"text-align: center;\">Wir stellten mit der Zeit fest, dass gerade das Lied \u201eScholze Gret\u201c in unseren Familien h\u00e4ufig gesungen wurde. In einer \u00c4bbelwoi-Laune kamen wir zu dem Ergebnis: \u201eDes derf net verlorn geih\u201c. So entstand die Schnapsidee, das Lied moderner und neu zu gestalten, um es auch j\u00fcngeren Leuten n\u00e4her zu bringen. Sebb, auch ein Kind des Odenwalds, den wir mittlerweile \u00fcber andere Musikprojekte kennengelernt hatten, war sofort f\u00fcr unsere Idee Feuer und Flamme, unsere Vision sprach ihm praktisch aus der Seele. Aus der Schnapsidee und den positiven R\u00fcckmeldungen, die wir f\u00fcr unsere \u201eScholze Gret\u201c bekommen hatten, wollten wir dann doch noch mehr machen. Und so machten wir drei uns daran, weitere Lieder zu komponieren. In der Zwischenzeit konnten wir uns mit zwei au\u00dfergew\u00f6hnlichen Musikern verst\u00e4rken &#8211; Thomas und Lazi vervollst\u00e4ndigten Lichtenberg, sodass wir unsere Lieder nun auch live pr\u00e4sentieren konnten und\u00a0seitdem zu f\u00fcnft kreativ zusammenarbeiten.<\/h3>\n<h3 style=\"text-align: center;\">Unsere Lieder -teilweise selbst komponiert, teilweise haben wir den Text bekannter Lieder \u00fcbernommen- sollen dieses unsch\u00e4tzbare Kulturgut nicht vergessen lassen und der Region, der wir so viel zu verdanken haben, etwas zur\u00fcckgeben!!!<\/h3>\n<h3 style=\"text-align: center;\"><\/h3>\n<h3 style=\"text-align: center;\"><\/h3>\n<p>[\/vc_column_text][\/vc_column][\/vc_row][vc_row][vc_column][vc_empty_space][vc_empty_space][vc_column_text]<\/p>\n<h3 style=\"text-align: center;\">\u00a0Unsere Besetzung:<\/h3>\n<h3 style=\"text-align: center;\"><img fetchpriority=\"high\" decoding=\"async\" class=\"alignnone size-large wp-image-2604\" src=\"https:\/\/www.lichtenberg-musik.de\/wp-content\/uploads\/2017\/12\/Band-Marcel-1024x682.png\" alt=\"\" width=\"900\" height=\"599\" srcset=\"https:\/\/www.lichtenberg-musik.de\/wp-content\/uploads\/2017\/12\/Band-Marcel-1024x682.png 1024w, https:\/\/www.lichtenberg-musik.de\/wp-content\/uploads\/2017\/12\/Band-Marcel-300x200.png 300w, https:\/\/www.lichtenberg-musik.de\/wp-content\/uploads\/2017\/12\/Band-Marcel-768x512.png 768w, https:\/\/www.lichtenberg-musik.de\/wp-content\/uploads\/2017\/12\/Band-Marcel.png 1940w\" sizes=\"(max-width: 900px) 100vw, 900px\" \/><\/h3>\n<h3 style=\"text-align: center;\"><strong>Marcel Zocher<\/strong> (Gesang)<\/h3>\n<p>[\/vc_column_text][\/vc_column][\/vc_row][vc_row][vc_column][vc_empty_space][vc_empty_space][vc_empty_space][vc_column_text]<\/p>\n<h2 style=\"text-align: center;\"><\/h2>\n<h2 style=\"text-align: center;\">\u00a0<img decoding=\"async\" class=\"alignnone size-large wp-image-2607\" src=\"https:\/\/www.lichtenberg-musik.de\/wp-content\/uploads\/2017\/12\/Band-Torte-1024x682.png\" alt=\"\" width=\"900\" height=\"599\" srcset=\"https:\/\/www.lichtenberg-musik.de\/wp-content\/uploads\/2017\/12\/Band-Torte-1024x682.png 1024w, https:\/\/www.lichtenberg-musik.de\/wp-content\/uploads\/2017\/12\/Band-Torte-300x200.png 300w, https:\/\/www.lichtenberg-musik.de\/wp-content\/uploads\/2017\/12\/Band-Torte-768x512.png 768w, https:\/\/www.lichtenberg-musik.de\/wp-content\/uploads\/2017\/12\/Band-Torte.png 1946w\" sizes=\"(max-width: 900px) 100vw, 900px\" \/><\/h2>\n<h3 style=\"text-align: center;\"><strong>Thorsten Gro\u00dfkopf<\/strong> (Gitarre + Gesang)<\/h3>\n<p>[\/vc_column_text][\/vc_column][\/vc_row][vc_row][vc_column][vc_empty_space][vc_empty_space][vc_empty_space][vc_column_text]<\/p>\n<h2><\/h2>\n<h3 style=\"text-align: center;\"><strong><img decoding=\"async\" class=\"alignnone size-large wp-image-2605\" src=\"https:\/\/www.lichtenberg-musik.de\/wp-content\/uploads\/2017\/12\/Band-Sebb-1024x683.png\" alt=\"\" width=\"900\" height=\"600\" srcset=\"https:\/\/www.lichtenberg-musik.de\/wp-content\/uploads\/2017\/12\/Band-Sebb-1024x683.png 1024w, https:\/\/www.lichtenberg-musik.de\/wp-content\/uploads\/2017\/12\/Band-Sebb-300x200.png 300w, https:\/\/www.lichtenberg-musik.de\/wp-content\/uploads\/2017\/12\/Band-Sebb-768x512.png 768w, https:\/\/www.lichtenberg-musik.de\/wp-content\/uploads\/2017\/12\/Band-Sebb.png 1954w\" sizes=\"(max-width: 900px) 100vw, 900px\" \/><\/strong><\/h3>\n<h3 style=\"text-align: center;\"><strong>Sebastian Altzweig<\/strong> (Produktion und Schlagzeug)<\/h3>\n<p>[\/vc_column_text][\/vc_column][\/vc_row][vc_row][vc_column][vc_empty_space][vc_empty_space][vc_empty_space][vc_column_text]<\/p>\n<h2 style=\"text-align: center;\"><\/h2>\n<h3 style=\"text-align: center;\"><strong><img loading=\"lazy\" decoding=\"async\" class=\"alignnone size-large wp-image-2603\" src=\"https:\/\/www.lichtenberg-musik.de\/wp-content\/uploads\/2017\/12\/Band-Lazi-684x1024.png\" alt=\"\" width=\"684\" height=\"1024\" srcset=\"https:\/\/www.lichtenberg-musik.de\/wp-content\/uploads\/2017\/12\/Band-Lazi-684x1024.png 684w, https:\/\/www.lichtenberg-musik.de\/wp-content\/uploads\/2017\/12\/Band-Lazi-200x300.png 200w, https:\/\/www.lichtenberg-musik.de\/wp-content\/uploads\/2017\/12\/Band-Lazi-768x1150.png 768w, https:\/\/www.lichtenberg-musik.de\/wp-content\/uploads\/2017\/12\/Band-Lazi.png 1157w\" sizes=\"(max-width: 684px) 100vw, 684px\" \/><\/strong><\/h3>\n<h3 style=\"text-align: center;\"><strong>Lazaros Dimitriou<\/strong> (Bass und Gesang)<\/h3>\n<p>[\/vc_column_text][\/vc_column][\/vc_row][vc_row][vc_column][vc_empty_space][vc_empty_space][vc_empty_space][vc_column_text]<\/p>\n<h2 style=\"text-align: center;\"><\/h2>\n<h3 style=\"text-align: center;\"><strong><img loading=\"lazy\" decoding=\"async\" class=\"alignnone size-large wp-image-2606\" src=\"https:\/\/www.lichtenberg-musik.de\/wp-content\/uploads\/2017\/12\/Band-Thomas-1024x683.png\" alt=\"\" width=\"900\" height=\"600\" srcset=\"https:\/\/www.lichtenberg-musik.de\/wp-content\/uploads\/2017\/12\/Band-Thomas-1024x683.png 1024w, https:\/\/www.lichtenberg-musik.de\/wp-content\/uploads\/2017\/12\/Band-Thomas-300x200.png 300w, https:\/\/www.lichtenberg-musik.de\/wp-content\/uploads\/2017\/12\/Band-Thomas-768x512.png 768w, https:\/\/www.lichtenberg-musik.de\/wp-content\/uploads\/2017\/12\/Band-Thomas.png 1723w\" sizes=\"(max-width: 900px) 100vw, 900px\" \/><\/strong><\/h3>\n<h3 style=\"text-align: center;\"><strong>Thomas Markowic<\/strong> (Piano, Trompete, Akkordeon und Gesang)<\/h3>\n<h4 style=\"text-align: center;\"><\/h4>\n<h2><\/h2>\n<h2><\/h2>\n<p>&nbsp;<\/p>\n<h2><\/h2>\n<h2 style=\"text-align: center;\"><\/h2>\n<h3 style=\"text-align: center;\">ALLA GUDE<\/h3>\n<p>[\/vc_column_text][\/vc_column][\/vc_row]<\/p>\n<\/div>","protected":false},"excerpt":{"rendered":"<p>[vc_row][vc_column][vc_column_text] Angefangen hatte alles in einem H\u00f6rsaal der Frankfurter Goethe-Uni: Unter mehr als 200 Studenten liefen sich die beiden Odenw\u00e4lder<\/p>\n","protected":false},"author":1,"featured_media":0,"parent":0,"menu_order":0,"comment_status":"closed","ping_status":"closed","template":"page_full.php","meta":{"footnotes":""},"class_list":["post-2726","page","type-page","status-publish","hentry"],"_links":{"self":[{"href":"https:\/\/www.lichtenberg-musik.de\/index.php?rest_route=\/wp\/v2\/pages\/2726","targetHints":{"allow":["GET"]}}],"collection":[{"href":"https:\/\/www.lichtenberg-musik.de\/index.php?rest_route=\/wp\/v2\/pages"}],"about":[{"href":"https:\/\/www.lichtenberg-musik.de\/index.php?rest_route=\/wp\/v2\/types\/page"}],"author":[{"embeddable":true,"href":"https:\/\/www.lichtenberg-musik.de\/index.php?rest_route=\/wp\/v2\/users\/1"}],"replies":[{"embeddable":true,"href":"https:\/\/www.lichtenberg-musik.de\/index.php?rest_route=%2Fwp%2Fv2%2Fcomments&post=2726"}],"version-history":[{"count":30,"href":"https:\/\/www.lichtenberg-musik.de\/index.php?rest_route=\/wp\/v2\/pages\/2726\/revisions"}],"predecessor-version":[{"id":2794,"href":"https:\/\/www.lichtenberg-musik.de\/index.php?rest_route=\/wp\/v2\/pages\/2726\/revisions\/2794"}],"wp:attachment":[{"href":"https:\/\/www.lichtenberg-musik.de\/index.php?rest_route=%2Fwp%2Fv2%2Fmedia&parent=2726"}],"curies":[{"name":"wp","href":"https:\/\/api.w.org\/{rel}","templated":true}]}}